{"id":1321,"date":"2025-09-01T17:55:45","date_gmt":"2025-09-01T15:55:45","guid":{"rendered":"https:\/\/www.thuis-batterij.collem.nl\/?page_id=1321"},"modified":"2025-09-16T16:31:24","modified_gmt":"2025-09-16T14:31:24","slug":"81-ess-energy-storage-system","status":"publish","type":"page","link":"https:\/\/www.thuis-batterij.collem.nl\/index.php\/81-ess-energy-storage-system\/","title":{"rendered":"81. ESS (Energy Storage System)"},"content":{"rendered":"\n<p><strong>Wat is een ESS?<\/strong><br>Een Energy Storage System (ESS) is een specifiek type energiesysteem dat een netaansluiting integreert met een Victronomvormer\/-acculader, GX-apparaat en accusysteem. Het slaat gedurende de dag PV-energie op in de accu voor later gebruik als<br>de zon niet meer sch\u0133nt.<br>Het past de stroomvoorziening aan, aan de t\u0133d van de dag, maakt opslag van PV-energie mogel\u0133k, biedt ondersteuning aan<br>netstroom en levert stroom terug naar het elektriciteitsnet.<br>Als een ESS-systeem meer energie produceert dan het kan gebruiken of opslaan, kan het de overtollige stroom aan<br>het elektriciteitsnet terugleveren en als het onvoldoende energie of vermogen levert, koopt het het automatisch van het<br>elektriciteitsnet.<br>Wat is de minimum vereiste voor ESS?<br>Er moet minstens \u00e9\u00e9n omvormer\/acculader (MultiPlus\/Quattro) en \u00e9\u00e9n GX-apparaat in het systeem z\u0133n, zoals de Cerbo GX of<br>Ekrano GX, .<br>Andere componenten kunnen, indien nodig, worden toegevoegd; raadpleeg het#UUID-7745f549-37eb-df24-a81ba27abb5c3b65 [5] hoofdstuk.<br>Opmerking: De informatie in deze ESS-handleiding is niet van toepassing op de Multi RS-modellen, die een VE.Can interface<br>(niet VE.Bus) gebruiken; raadpleeg de RS producthandleidingen voor specifieke informatie over het programmeren ervan voor<br>ESS.<br>Wanneer is het gebruik van een ESS het meest geschikt?<br>Gebruik een ESS in een systeem voor eigenverbruik, een back-upsysteem met PV-energie, of een mix van beide. Er kan<br>b\u0133voorbeeld 30 % van de accucapaciteit gebruikt worden voor eigenverbruik en de resterende 70 % beschikbaar gehouden<br>worden als back-up in het geval van een storing van het elektriciteitsnet.<br>ESS kan ingesteld worden om eigen verbruik te optimaliseren of accu&#8217;s opgeladen te houden.<\/p>\n\n\n\n<p><strong>Het optimaliseren van het zelfverbruik:<\/strong><br>Als er meer PV-vermogen is dan nodig voor het voeden van de belastingen, wordt de overtollige PV-energie opgeslagen in de<br>accu. Die opgeslagen energie wordt dan gebruikt om de belastingen te voeden op momenten dat er een tekort aan PV-vermogen<br>is.<br>Het percentage van de accucapaciteit dat voor eigenverbruik wordt gebruikt, is instelbaar. Als een stroomstoring in het<br>elektriciteitsnet b\u0133na nooit voorkomt, dan kan het worden ingesteld op 100 %. Op locaties waar een elektriciteitsnetstoring<br>vaak voorkomt, of zelfs dagel\u0133ks, zoals in bepaalde Afrikaanse landen, kan er voor gekozen worden om slechts 20 % van de<br>accucapaciteit te gebruiken en 80 % op te slaan voor de volgende elektriciteitsnetstoring.<br>Accu\u2019s 100 % opgeladen houden:<br>Het ESS kan ook worden ingesteld om de accu&#8217;s volledig opgeladen te houden. De accu wordt dan alleen gebruikt t\u0133dens een<br>elektriciteitsnetstoring, als back-up. Zodra het elektriciteitsnet is hersteld, worden de accu&#8217;s opnieuw opgeladen met behulp van<br>het elektriciteitsnet of PV-panelen, indien beschikbaar.<\/p>\n\n\n\n<p><strong>MPPT-zonnelader en\/of netgekoppelde omvormer<\/strong><br>Het ESS werkt zowel met een MPPT-PV-lader als een netgekoppelde omvormer, of een mix van beide.<br>Over het algemeen is de MPPT-PV-lader in een klein systeem effectiever dan een netgekoppelde omvormer. De reden hiervoor<br>is dat een MPPT-PV-lader tot 99 % effici\u00ebnt is, terw\u0133l de PV-energie afkomstig van een netgekoppelde omvormer eerst wordt<br>omgezet van DC naar AC, en dan terug van AC naar DC, wat leidt tot verliezen 20 tot 30 %. Dit valt nog meer op wanneer het<br>energieverbruik voornamel\u0133k &#8217;s ochtends en &#8217;s avonds plaatsvindt.<br>Wanneer het grootste deel van het energieverbruik overdag plaatsvindt &#8211; b\u0133voorbeeld in een kantoor met airconditioning &#8211;<br>zal een netgekoppelde omvormer effici\u00ebnter z\u0133n. Na (zeer effici\u00ebnte) omzetting naar AC wordt de PV-energie direct door de<br>airconditioningeenheid gebruikt.<br>In het geval van \u201cgeen teruglevering\u201d overweeg dan een MPPT-PV-lader &#8211; of een Fronius PV-omvormer, en gebruik vervolgens de<br>niet terugleveren-functie. Dit leidt tot een stabieler systeem<\/p>\n\n\n\n<p><strong>PV installatie aangesloten op &#8220;AC-OUT-1&#8221;<\/strong><br>Wanneer aangesloten op de AC-out, moet de <a href=\"https:\/\/www.victronenergy.com\/live\/ac_coupling:start\" rel=\"nofollow\">factor 1,0-regel<\/a>  worden nageleefd. Er z\u0133n geen uitzonderingen. Gebruik ook de factor 1,0-regel in landen waar het elektriciteitsnet zelden uitvalt; en ook b\u0133 het aansluiten van een Fronius netgekoppelde omvormer op de AC-uitgang met gebruik van de \u201cZero feed-in\u201d-functie.<\/p>\n\n\n\n<p><strong>Accubankcapaciteit<\/strong><br>In een netparallel systeem heeft de grootte van de accubank de volgende effecten:<\/p>\n\n\n\n<ul class=\"wp-block-list\">\n<li>Kleine accu&#8217;s z\u0133n kosteneffectiever: maar alle beschikbare opslagcapaciteit wordt in \u00e9\u00e9n dag verbruikt<\/li>\n<\/ul>\n\n\n\n<ul class=\"wp-block-list\">\n<li>Kleine accu&#8217;s worden opgeladen en ontladen met hoge stromen. Dit zorgt er met name voor dat loodzuuraccu&#8217;s een kortere<br>levensduur hebben.<\/li>\n\n\n\n<li>Grotere accu&#8217;s, gecombineerd met een relatief grote PV-installatie, kunnen op zonnige dagen overtollig vermogen opslaan.<br>Stroom kan dan beschikbaar z\u0133n gedurende meerdere dagen van slecht weer.<\/li>\n\n\n\n<li>Grotere accu&#8217;s zorgen voor een langere autonomie t\u0133dens een stroomstoring. Wanneer de installatie nodig is om te werken als<br>een ononderbroken voeding, biedt een grote accucapaciteit een veilige stroomvoorziening voor langere perioden.<br>In een back-upsysteem wordt de accugrootte berekend op basis van de vereiste autonomie t\u0133dens een stroomstoring.<br>Zie de minimale accucapaciteit van de AC-koppeling voor de minimale accugrootte van systemen met een PV-omvormer<br>aangesloten op de AC-uitgang van Multi(s) of Quattro(s).<br><\/li>\n<\/ul>\n\n\n\n<p><strong>Grootte omvormer\/acculader<\/strong><br>De vereiste grootte van de omvormer\/acculader is afhankel\u0133k van het type installatie.<br>In een netparallelle installatie kan de grootte van de omvormer\/acculader (veel?) kleiner z\u0133n dan de hoogste verwachte nominale<br>en piekbelastingen. B\u0133voorbeeld, om de basisbelasting van een huishouden voor twee personen te dekken, kan een omvormer\/<br>acculader van 800 VA voldoende z\u0133n. Voor een heel gezin kan een 3000 VA omvormer\/acculader de meeste apparaten voeden &#8211;<br>zolang niet meer dan \u00e9\u00e9n van hen tegel\u0133kert\u0133d werkt. Dit betekent dat het systeem met voldoende opslag het stroomverbruik van<br>het elektriciteitsnet misschien wel tot nul kan verminderen van het late voorjaar tot het vroege najaar.<br>B\u0133 een back-upinstallatie moet de omvormer\/acculader worden aangepast aan de verwachte belastingen.<br><\/p>\n\n\n\n<p><strong>Anti-eilandbedr\u0133f<\/strong><br>Het ESS vereist alt\u0133d een anti-eilandbedr\u0133fbeveiliging Dit geldt ook voor een systeem zonder teruglevering.<br>In een aantal landen kan de ingebouwde anti-eilandbedr\u0133fbeveiliging in onze producten worden gebruikt. B\u0133voorbeeld de<br>MultiGrid in Duitsland, en de MultiPlus in het Verenigd Koninkr\u0133k. Zie de certificaten op onze website voor meer informatie.<br>Als er geen gecertificeerd product beschikbaar is voor het land van installatie, installeer dan een externe antieilandbedr\u0133fbeveiliging.<\/p>\n\n\n\n<p><strong>Multi\/Quattro en ESS-assistent<\/strong><br><em>Instellingen die in VEConfigure gemaakt moeten worden:<\/em><br>Tabblad Elektriciteitsnet: de landcode instellen. Een wachtwoord is vereist:  (<em>TPWMBU2A4GCC<\/em>). <br>Meer informatie: <a href=\"https:\/\/www.victronenergy.com\/live\/ve.bus:grid-codes-and-loss-of-mains-detection\" rel=\"nofollow\">in VEConfigure: elektriciteitsnetcodes &amp; stroomuitvaldetectie.<\/a> <br>Opmerking: Als deze instelling op \u201cGeen\u201d staat, levert het systeem geen accu-energie ter ondersteuning van lokale ACbelastingen als het elektriciteitsnet is aangesloten. Deze instelling moet gew\u0133zigd worden, zelfs als het de bedoeling is om DC-energie niet naar het elektriciteitsnet te exporteren.<\/p>\n\n\n\n<ol class=\"wp-block-list\">\n<li>De ESS-assistent toevoegen: Hoe een assistent toevoegen van start tot finish<\/li>\n\n\n\n<li>Algemeen tabblad: de ESS assistent heeft de ingebouwde accumonitor van de MultiPlus\/Quattro geactiveerd. Laat het op<br>ingeschakeld staan (!), zelfs als er een BMV of intelligente CAN-bus-aangesloten accu in het systeem zit.<\/li>\n\n\n\n<li>Tabblad Acculader: de ESS assistent heeft het juiste accutype al geselecteerd \u00e9n de opslagmodus uitgeschakeld. Verifieer<br>en w\u0133zig waar nodig de rest van de instellingen: laadspanningen &amp; maximale laadstroom.<br>Houd er rekening mee dat voor systemen met de ESS assistent ge\u00efnstalleerd, de MPPT zonneladers de laadcurve zoals<br>ingesteld in VEConfigure volgen. De laadparameters die z\u0133n ingesteld in de MPPT-zonneladers worden genegeerd in een<br>ESS opstelling.<\/li>\n\n\n\n<li>Het instellen van alle andere instellingen.<br>Opmerkingen met betrekking tot de invoerstroomlimiet en PowerAssist:<\/li>\n<\/ol>\n\n\n\n<ul class=\"wp-block-list\">\n<li>Instellingen invoerstroombegrenzer: De ingestelde limiet wordt gebruikt als de drempel voor AC-stroom b\u0133 de AC-ingang<br>van de Multi\/Quattro. Houd er verder rekening mee dat:<\/li>\n\n\n\n<li>Belastingen parallel met de Multi\/Quattro worden niet meegerekend: installeer daarom alle belastingen op de AC-uitgang<br>van de Multi of Quattro in systemen die een AC-invoerstroombeperking vereisen. B\u0133voorbeeld &#8211; systemen waarop een kleine<br>AC-belasting is aangesloten.<\/li>\n\n\n\n<li>De stroombegrenzer wordt gebruikt voor beide richtingen van de stroom.<\/li>\n\n\n\n<li>De PowerAssist-instelling in VEConfigure3 wordt uitgeschakeld en genegeerd als ESS is ge\u00efnstalleerd.<\/li>\n\n\n\n<li>De dynamische stroombegrenzer: de dynamische stroombegrenzer in VEConfigure3 wordt uitgeschakeld en genegeerd als<br>ESS is ge\u00efnstalleerd.<\/li>\n<\/ul>\n\n\n\n<p><strong>Opmerkingen met betrekking tot alarmmeldingen b\u0133 lage accu spanning:<\/strong><\/p>\n\n\n\n<ul class=\"wp-block-list\">\n<li>Alarmmeldingen voor een lage accuspanning gaan af als de accuspanning onder het dynamische afsluitniveau plus de<br>herstartcompensatie daalt. Deze is standaard ingesteld op 1,2 Volt voor een 48 V-systeem. Net als de afsluitspanning is het<br>niveau van het spanningsniveau voor alarmmeldingen ook dynamisch.<\/li>\n\n\n\n<li>Er is geen hysterese: de waarschuwing verdw\u0133nt als de spanning weer st\u0133gt.<\/li>\n\n\n\n<li>T\u0133dens deze alarmmelding, ook wel vooralarm genoemd, knippert de rode LED op de Multi, en optioneel toont het GXapparaat een melding. Voor de meeste ESS systemen wordt aanbevolen om die melding op het GX-apparaat uit te schakelen.<br>Zie de FAQ [30] Q5.<\/li>\n\n\n\n<li>De gerelateerde parameters op het tabblad Omvormer, dat wil zeggen de DC-ingangsuitschakeling b\u0133 lage stroom, herstarten<br>en vooralarmwaarden z\u0133n niet van toepassing. Ze worden genegeerd wanneer de ESS assistent is ge\u00efnstalleerd.<\/li>\n<\/ul>\n\n\n\n<p><strong>Algemene aantekeningen:<\/strong><br>Het PV-vermogen afkomstig van een netstroomomvormer, die parallel is aangesloten of op de AC-uitgang, wordt gebruikt om<br>de accu op te laden. Laadstroom- en andere laadparameters worden ingesteld op het tabblad Acculader in VEConfigure3.<br><br>Zorg ervoor dat het selectievakje Lithiumaccu&#8217;s op de acculaderpagina overeenkomt met de accukeuze in de assistent.<\/p>\n\n\n\n<p>Controleer b\u0133 gebruik van een VE.Bus BMS en een Multi Compact de DIP-schakelaars: DIP-schakelaar 1 moet ingeschakeld<br>z\u0133n en DIP-schakelaar 2 moet uitgeschakeld z\u0133n.<\/p>\n\n\n\n<p><strong>GX-Apparaat > ESS Instellingen:<\/strong><br><\/p>\n\n\n\n<figure class=\"wp-block-image size-full\"><img loading=\"lazy\" decoding=\"async\" width=\"623\" height=\"494\" src=\"https:\/\/www.thuis-batterij.collem.nl\/wp-content\/uploads\/2025\/09\/image-26.png\" alt=\"\" class=\"wp-image-1476\" srcset=\"https:\/\/www.thuis-batterij.collem.nl\/wp-content\/uploads\/2025\/09\/image-26.png 623w, https:\/\/www.thuis-batterij.collem.nl\/wp-content\/uploads\/2025\/09\/image-26-300x238.png 300w\" sizes=\"auto, (max-width: 623px) 100vw, 623px\" \/><\/figure>\n\n\n\n<p><strong>Modus:<\/strong><br>Geoptimaliseerd (met BatteryLife) en geoptimaliseerd (zonder BatteryLife)<br><br>Op momenten dat er teveel PV-vermogen is, wordt de PV-energie opgeslagen in de accu. Die opgeslagen energie wordt dan gebruikt om de belastingen te voeden op momenten dat er een tekort aan PV-vermogen is.<br><br>Houd accu&#8217;s opgeladen<br>De enige perioden waarin de accu wordt ontladen, z\u0133n wanneer er storingen optreden in het elektriciteitsnet. Zodra het<br>elektriciteitsnet is hersteld, worden de accu&#8217;s opgeladen met stroom van het elektriciteitsnet en natuurl\u0133k ook zonne-energie,<br>indien beschikbaar.<br><br>Externe regeling<br>De ESS-regelingsalgoritmen z\u0133n uitgeschakeld. Gebruik dit b\u0133 het zelf implementeren van een regelkring. <a href=\"https:\/\/www.victronenergy.com\/live\/ess:ess_mode_2_and_3\" rel=\"nofollow\">Meer informatie<\/a> .<\/p>\n\n\n\n<p><strong>Netstroom meten<\/strong><br>Selecteer externe meter wanneer een externe meter zoals een EM540 ge\u00efnstalleerd werd, zoniet laat de instelling op Omvormer\/<br>Lader.<br>Alle belastingen en (optionele) netgeschakelde omvormers moeten in een systeem zonder Victron-netstroommeter op de ACuitgang worden aangesloten. Zie het voorgaande deel van de handleiding voor meer informatie.<\/p>\n\n\n\n<p><strong>Omvormer AC-uitgang in gebruik<\/strong><br>Als u dit instelt op \u201cUitgeschakeld\u201d, verbergt u de AC-uitgang afbeelding in het overzichtsvenster. Gebruik dit in systemen waar<br>niets verbonden is op de uitgang van de Multi of Quattro, wat typisch is voor bepaalde netparallelle systemen in West-Europa.<\/p>\n\n\n\n<p><strong>Eigen verbruik van accu<\/strong><\/p>\n\n\n\n<figure class=\"wp-block-image size-large\"><img loading=\"lazy\" decoding=\"async\" width=\"1024\" height=\"194\" src=\"https:\/\/www.thuis-batterij.collem.nl\/wp-content\/uploads\/2025\/09\/image-27-1024x194.png\" alt=\"\" class=\"wp-image-1481\" srcset=\"https:\/\/www.thuis-batterij.collem.nl\/wp-content\/uploads\/2025\/09\/image-27-1024x194.png 1024w, https:\/\/www.thuis-batterij.collem.nl\/wp-content\/uploads\/2025\/09\/image-27-300x57.png 300w, https:\/\/www.thuis-batterij.collem.nl\/wp-content\/uploads\/2025\/09\/image-27-768x146.png 768w, https:\/\/www.thuis-batterij.collem.nl\/wp-content\/uploads\/2025\/09\/image-27.png 1229w\" sizes=\"auto, (max-width: 1024px) 100vw, 1024px\" \/><\/figure>\n\n\n\n<p>Deze instelling laat ESS toe alleen accuvermogen voor essenti\u00eble belastingen te gebruiken. Het laat ook toe accubanken op<br>maat te maken om cruciale belastingen t\u0133dens de nacht te voeden zonder dat de accu ontladen wordt door niet-essenti\u00eble<br>belastingen.<br>Dit is relevant voor ESS-systemen met:<br>a. Een netstroommeter<br>b. Tamel\u0133k belangr\u0133ke niet-essenti\u00eble belastingen<br>c. Teruglevering uitgeschakeld<br>Instellingsopties z\u0133n:<\/p>\n\n\n\n<ul class=\"wp-block-list\">\n<li>Alle systeembelastingen (standaard)<\/li>\n\n\n\n<li>Alleen cruciale belastingen<br>Dit menu-item is alleen zichtbaar als &#8216;omvormer AC-uitgang in gebruik&#8217; uitgeschakeld is.<\/li>\n<\/ul>\n\n\n\n<p><strong>Teruglevering overtollige zonne-energie.<\/strong><br>Stel in op \u201cAan\u201d om de zonnelader alt\u0133d op het maximale stroompunt te laten werken. De eerste prioriteit is het voeden van<br>de belastingen en de tweede prioriteit is het opladen van de accu. Als er meer stroom beschikbaar is wanneer aan deze twee<br>prioriteiten wordt voldaan, wordt die stroom naar het elektriciteitsnet gevoerd.<br>Houd er rekening mee dat b\u0133 het inschakelen van deze optie de DVCC-laadstroomlimiet die is geconfigureerd onder &#8216;Instellingen<br>\u2192 Laadstroom beperken&#8217; niet actief is. De zonnelader zal op vol vermogen werken voor maximale teruglevering aan het<br>elektriciteitsnet. Het is raadzaam om een veilige limiet op de zonneladers in te stellen b\u0133 gebruik in combinatie met een kleine<br>accubank.<\/p>\n\n\n\n<p><strong>Meer Fasen Regeling.<\/strong><br>Voor een 1Fase installatie kan deze genegeerd worden.<\/p>\n\n\n\n<p><strong>Minimale laadstatus (tenz\u0133 het net uitvalt)<\/strong><br>Instelbare minimale laadtoestand-limiet. Ook al is BatteryLife in- of uitgeschakeld, zal het ESS de belasting uitschakelen zodra<br>de laadtoestand onder de ingestelde waarde is gedaald &#8211; behalve wanneer het elektriciteitsnet is uitgevallen en het systeem op<br>de omvormermodus draait. In dit geval zal de accu bl\u0133ven ontladen totdat een van de andere drempelwaarden is bereikt.<\/p>\n\n\n\n<p><strong>Piekbelasting verm\u0133den<\/strong><br>(Geldt alleen als BatteryLife is ingeschakeld &#8211; het is steeds ingeschakeld in &#8216;Modus accu&#8217;s opgeladen houden&#8217;)<br>Door piekbelasting verm\u0133den-optie te gebruiken is het mogel\u0133k het systeem steeds in PowerAssisting te houden wanneer de<br>belastingen de AC-invoerstroomlimiet overschr\u0133den en het vereist is, of alleen boven de minimale laadtoestand parameter.<br>Zodra de piek afgelopen is, wordt de accu opnieuw opgeladen met het net, terw\u0133l nog steeds voorrang wordt gegeven aan PV.<br>Let op dat er 5% hysteresis is; als de minimale laadtoestand ingesteld is op 50% begint het herladen naar die 50% pas als de<br>accu laadtoestand (door piekbelasting) gezakt is naar 45%.<br>Let ook op dat dit werkt voor de cruciale belastingen op de AC-uitvoer alleen, niet voor belastingen die verbonden z\u0133n met een<br>energiemeter.<br>De standaard instelling b\u0133 het gebruik van de geoptimaliseerde modi is \u201cAlleen boven minimale laadtoestand.\u201d Gebruik deze optie<br>b\u0133 systemen die geen piekbelasting verm\u0133den.<\/p>\n\n\n\n<p><strong>Actieve limiet van laadstatus<\/strong><br>(Geldt alleen als BatteryLife is ingeschakeld)<br>Dit percentage toont de maximale bruikbare capaciteit van het systeem &#8211; die nooit meer dan 80 % zal z\u0133n.<br>Gebruik deze instelling om de huidigge laadstatus van BatteryLife te zien.<\/p>\n\n\n\n<p><strong>BatteryLife-stadia<\/strong><br>De verschillende BatteryLife-stadia z\u0133n:<\/p>\n\n\n\n<ul class=\"wp-block-list\">\n<li>Zelfverbruik: normale werking &#8211; ontlading toegestaan.<\/li>\n\n\n\n<li>Ontlading uitgeschakeld: de accu is ontladen tot de huidige SoC-limiet. (Het stadium keert terug naar zelfverbruik wanneer de<br>SoC 5 % boven de vastgestelde limiet st\u0133gt).<\/li>\n\n\n\n<li>Langzaam opladen: Het ESS laadt de accu langzaam op wanneer de SoC meer dan 24 uur onder de huidige SoC-limiet<br>ligt. Het zal langzaam opladen totdat de ondergrens is bereikt op welk punt het systeem opnieuw overschakelt naar Ontladen<br>uitgeschakeld.<\/li>\n\n\n\n<li>Sustain: de Multi\/Quattro zal op de sustain-modus overgaan nadat de accuspanning de dynamische ontkoppelspanningwaarde<br>heeft bereikt t\u0133dens het ontladen.<\/li>\n\n\n\n<li>Opnieuw opladen: Het ESS laadt de accu op tot de minimale SoC-limiet als deze meer dan 5 % lager is dan de minimale<br>geconfigureerde SoC. Zodra de minimale SoC is bereikt, schakelt het systeem opnieuw over naar Ontladen uitgeschakeld.<\/li>\n<\/ul>\n\n\n\n<p><strong>Omvormerstroom beperken<\/strong><br>Beperk het vermogen dat wordt opgenomen door de Multi, ofwel de stroom die wordt omgevormd van DC naar AC.<br>Opmerkingen:<\/p>\n\n\n\n<ul class=\"wp-block-list\">\n<li>Eer wordt geen rekening gehouden met de verliezen in de omvormer\/acculader. Als u de hoeveelheid stroom die uit de accu<br>wordt gehaald wilt beperken, moet u deze limiet iets lager instellen om deze verliezen te compenseren.<\/li>\n\n\n\n<li>Er wordt geen rekening gehouden met het vermogen dat afkomstig is van de MPPT&#8217;s. Het gebruik van deze functie in een<br>systeem met MPPT kan ertoe leiden dat het uitgangsvermogen van de MPPT wordt verminderd.<\/li>\n\n\n\n<li>Deze limiet geldt voor het vermogen dat uit de accu wordt gehaald en heeft invloed op het totaal van alle fasen.<\/li>\n\n\n\n<li>Deze limiet is alleen van toepassing wanneer het is verbonden met de AC-ingang: In de omvormermodus bepalen de ACbelastingen hoeveel vermogen er uit de accu wordt gehaald.<\/li>\n<\/ul>\n\n\n\n<p><strong>Instelpunt elektriciteitsnet<\/strong><br>Hiermee wordt het punt ingesteld waarop stroom uit het elektriciteitsnet wordt gehaald wanneer de installatie zich in de<br>zelfverbruiksmodus bevindt. Als u deze waarde iets boven 0 W instelt, wordt voorkomen dat het systeem stroom teruglevert<br>naar het elektriciteitsnet wanneer er sprake is van een overschot in de regeling. De standaardwaarde is daarom 50 W &#8211; maar<br>moet op grote systemen op een hogere waarde worden ingesteld.<\/p>\n\n\n\n<p><strong>Teruglevering<\/strong><\/p>\n\n\n\n<figure class=\"wp-block-image size-large\"><img loading=\"lazy\" decoding=\"async\" width=\"1024\" height=\"336\" src=\"https:\/\/www.thuis-batterij.collem.nl\/wp-content\/uploads\/2025\/09\/image-28-1024x336.png\" alt=\"\" class=\"wp-image-1490\" srcset=\"https:\/\/www.thuis-batterij.collem.nl\/wp-content\/uploads\/2025\/09\/image-28-1024x336.png 1024w, https:\/\/www.thuis-batterij.collem.nl\/wp-content\/uploads\/2025\/09\/image-28-300x98.png 300w, https:\/\/www.thuis-batterij.collem.nl\/wp-content\/uploads\/2025\/09\/image-28-768x252.png 768w, https:\/\/www.thuis-batterij.collem.nl\/wp-content\/uploads\/2025\/09\/image-28.png 1242w\" sizes=\"auto, (max-width: 1024px) 100vw, 1024px\" \/><\/figure>\n\n\n\n<p>De teruglevering kan via dit menu geregeld worden. Het laat de AC- en\/of DC-gekoppelde PV teruglevering toe volledig<br>gedeactiveerd te worden of het maximaal teruglever-vermogen beperkt te worden.<br>Terugleveren vindt alleen plaats als er voldoende overtollige PV-productie is om de belastingen volledig te voeden en de accu is<br>geladen (of tegen z\u0133n laadstroomlimiet).<br>De indicator actieve status begrenzing teruglevering toont enkel &#8216;Ja&#8217; wanneer de begrenzing van teruglevering momenteel werkt.<br>In alle andere gevallen wordt de status weergegeven als &#8216;Nee&#8217;.<br>Opmerking: De begrenzing van de systeem teruglevering is een systeemdoel. Onder sommige omstandigheden, zoals een grote<br>ontkoppeling van de belasting of een plotselinge toename van de zonne-energieproductie, kan de begrenzing kortstondig worden<br>overschreden totdat het systeem in staat is de omvormeruitgang terug te regelen tot binnen de ingestelde limiet.<\/p>\n\n\n\n<p>Klik voor het volledige ESS document, <a href=\"https:\/\/www.victronenergy.com\/media\/pg\/Energy_Storage_System\/en\/ess-introduction---features.html\" rel=\"nofollow\">Hier<\/a><\/p>\n\n\n\n<p><strong>ESS status codes:<\/strong><br>#1: SoC is laag<br>#2: BatteryLife is actief<br>#3: BMS heeft opladen uitgeschakeld<br>#4: BMS heeft ontlading uitgeschakeld<br>#5: Langzaam aan het opladen (onderdeel van BatteryLife, zie hierboven)<br>#6: Gebruiker heeft een laadlimiet van nul geconfigureerd.<br>#7: De gebruiker heeft een ontladingslimiet van nul geconfigureerd.<\/p>\n","protected":false},"excerpt":{"rendered":"<p>Wat is een ESS?Een Energy Storage System (ESS) is een specifiek type energiesysteem dat een netaansluiting integreert met een Victronomvormer\/-acculader, GX-apparaat en accusysteem. Het slaat gedurende de dag PV-energie op in de accu voor later gebruik alsde zon niet meer sch\u0133nt.Het past de stroomvoorziening aan, aan de t\u0133d van de dag, maakt opslag van PV-energie [&hellip;]<\/p>\n","protected":false},"author":1,"featured_media":0,"parent":0,"menu_order":0,"comment_status":"closed","ping_status":"closed","template":"","meta":{"footnotes":""},"class_list":["post-1321","page","type-page","status-publish","hentry"],"_links":{"self":[{"href":"https:\/\/www.thuis-batterij.collem.nl\/index.php\/wp-json\/wp\/v2\/pages\/1321","targetHints":{"allow":["GET"]}}],"collection":[{"href":"https:\/\/www.thuis-batterij.collem.nl\/index.php\/wp-json\/wp\/v2\/pages"}],"about":[{"href":"https:\/\/www.thuis-batterij.collem.nl\/index.php\/wp-json\/wp\/v2\/types\/page"}],"author":[{"embeddable":true,"href":"https:\/\/www.thuis-batterij.collem.nl\/index.php\/wp-json\/wp\/v2\/users\/1"}],"replies":[{"embeddable":true,"href":"https:\/\/www.thuis-batterij.collem.nl\/index.php\/wp-json\/wp\/v2\/comments?post=1321"}],"version-history":[{"count":25,"href":"https:\/\/www.thuis-batterij.collem.nl\/index.php\/wp-json\/wp\/v2\/pages\/1321\/revisions"}],"predecessor-version":[{"id":1492,"href":"https:\/\/www.thuis-batterij.collem.nl\/index.php\/wp-json\/wp\/v2\/pages\/1321\/revisions\/1492"}],"wp:attachment":[{"href":"https:\/\/www.thuis-batterij.collem.nl\/index.php\/wp-json\/wp\/v2\/media?parent=1321"}],"curies":[{"name":"wp","href":"https:\/\/api.w.org\/{rel}","templated":true}]}}