{"id":2430,"date":"2026-02-24T19:52:53","date_gmt":"2026-02-24T18:52:53","guid":{"rendered":"https:\/\/www.thuis-batterij.collem.nl\/?page_id=2430"},"modified":"2026-02-24T19:57:34","modified_gmt":"2026-02-24T18:57:34","slug":"06d1-dvcc-en-verder","status":"publish","type":"page","link":"https:\/\/www.thuis-batterij.collem.nl\/index.php\/06d1-dvcc-en-verder\/","title":{"rendered":"06D1. DVCC deel 2"},"content":{"rendered":"\n<h1 class=\"wp-block-heading\">De DVCC-functie van Victron uitgelegd<\/h1>\n\n\n\n<p>Een van de belangrijkste en unieke voordelen van Victron Energy-apparatuur is de mogelijkheid om de ingebouwde DVCC-functie te gebruiken. DVCC is eenvoudig, krachtig en op het eerste gezicht verwarrend. In dit artikel bespreken we wat het is en hoe het werkt om de systeemcontrole over meerdere laadbronnen te co\u00f6rdineren en zo een accubank veilig te beheren.<\/p>\n\n\n\n<p>Ten eerste staat DVCC voor&nbsp;<strong>Distributed<\/strong>&nbsp;Voltage and&nbsp;Current&nbsp;<strong>Control<\/strong>&nbsp;( gedistribueerde&nbsp;<strong>spannings-<\/strong>&nbsp;en&nbsp;<strong>stroomregeling<\/strong>&nbsp;) .<strong><\/strong><strong><\/strong><\/p>\n\n\n\n<ul class=\"wp-block-list\">\n<li><strong>Gedistribueerd<\/strong>\u00a0&#8211; Een netwerk van componenten<\/li>\n\n\n\n<li><strong>Spanning<\/strong>\u00a0en<strong>\u00a0stroomsterkte<\/strong>\u00a0&#8211; De batterijparameters die we willen regelen.<\/li>\n\n\n\n<li><strong>Controle<\/strong>\u00a0&#8211; Hoe parameters worden beheerd\u00a0<\/li>\n<\/ul>\n\n\n\n<p>Wanneer DVCC is geactiveerd, kunnen individuele componenten \u2013 of deze nu door Victron Energy zijn geproduceerd of deel uitmaken van een productlijn die door Victron wordt ondersteund en ge\u00efntegreerd \u2013 samenwerken met dezelfde informatie om de batterijen op te laden en te ontladen.<\/p>\n\n\n\n<p>Wanneer DVCC is geactiveerd, kunnen individuele&nbsp;componenten \u2013 of ze nu door Victron Energy zijn geproduceerd of deel uitmaken van een productlijn die door Victron wordt ondersteund en ge\u00efntegreerd \u2013 samenwerken met dezelfde informatie om de batterijen op te laden en te ontladen.&nbsp;<\/p>\n\n\n\n<h3 class=\"wp-block-heading\">De uitdaging<\/h3>\n\n\n\n<p>Traditioneel gezien moet je in een gedistribueerd energiesysteem met meerdere laadcomponenten (zoals meerdere zonne-laadregelaars, een laadregelaar en een omvormer, of een omvormer en een windturbine) de laadparameters voor elke component afzonderlijk instellen. In sommige gevallen kun je ze synchroniseren, bijvoorbeeld door twee Midnite zonne-laadregelaars te koppelen zodat ze als \u00e9\u00e9n geheel functioneren.<\/p>\n\n\n\n<p>Het probleem is dat de omvormer vaak&nbsp;<strong>niet gesynchroniseerd is&nbsp;<\/strong>met de rest van het systeem. Wanneer de generator start, begint de omvormer de accu&#8217;s op te laden, waardoor hun spanning stijgt. Hierdoor schakelt de zonne-laadregelaar uit, ten onrechte aannemend dat de accu&#8217;s volledig opgeladen zijn. Een klassiek voorbeeld hiervan uit het verleden zijn gecombineerde wind- en zonne-energiesystemen, waarbij het opladen uitsluitend via wind of zonne-energie plaatsvindt, maar niet via beide tegelijk.<\/p>\n\n\n\n<p>Wat kunnen we in deze situatie doen? Hoe zorgen we ervoor dat alle laders samenwerken? De oplossing van Victron is doordacht, compleet en, afhankelijk van de gekozen accu, volledig automatisch.&nbsp;<\/p>\n\n\n\n<h3 class=\"wp-block-heading\">Hoe DVCC werkt<\/h3>\n\n\n\n<p>DVCC is een programma dat is ingebouwd in een GX-apparaat, zoals de&nbsp;<a href=\"https:\/\/icmontana.com\/products\/cerbo-gx\" target=\"_blank\" rel=\"noreferrer noopener\">Cerbo<\/a>&nbsp;&nbsp;of&nbsp;<a href=\"https:\/\/icmontana.com\/products\/ekrano-gx\" target=\"_blank\" rel=\"noreferrer noopener\">Ekrano<\/a>&nbsp;. In een Victron-stroomvoorzieningssysteem fungeert een GX-apparaat als gateway, die de Victron-omvormer\/lader verbindt met andere apparaten, zoals een zonnelaadregelaar of een communicerende lithiumbatterij.&nbsp;<\/p>\n\n\n\n<figure class=\"wp-block-image aligncenter size-full\"><img loading=\"lazy\" decoding=\"async\" width=\"580\" height=\"335\" src=\"https:\/\/www.thuis-batterij.collem.nl\/wp-content\/uploads\/2026\/02\/image-14.png\" alt=\"\" class=\"wp-image-2431\" srcset=\"https:\/\/www.thuis-batterij.collem.nl\/wp-content\/uploads\/2026\/02\/image-14.png 580w, https:\/\/www.thuis-batterij.collem.nl\/wp-content\/uploads\/2026\/02\/image-14-300x173.png 300w\" sizes=\"auto, (max-width: 580px) 100vw, 580px\" \/><\/figure>\n\n\n\n<p>Met een communicerende accubank reageert DVCC op de accu&#8217;s om de volgende parameters aan te passen:<\/p>\n\n\n\n<ol class=\"wp-block-list\">\n<li><strong>Beperk de laadstroom\u00a0<\/strong>. Dit betekent dat u de laadstroom naar de accu&#8217;s in zijn geheel kunt beperken. Als u bijvoorbeeld 200 amp\u00e8re aan potenti\u00eble lading hebt, maar uw accukabel of accu&#8217;s slechts 100 amp\u00e8re aankunnen, kunt u dat hier direct oplossen. Bovendien kunnen uw accu&#8217;s, naarmate ze bijna vol zijn of wanneer ze zichzelf intern balanceren, de maximale laadstroom naar behoefte verlagen (dit is alleen mogelijk in een communicerend systeem).<\/li>\n\n\n\n<li><strong>Beperk de laadspanning\u00a0<\/strong>. Als uw accu&#8217;s geen Pylontech-accu&#8217;s zijn, kunt u een waarde instellen die ervoor zorgt dat uw accu&#8217;s nooit boven deze waarde worden opgeladen.<\/li>\n\n\n\n<li><strong>Maximale ontlaadstroom.\u00a0<\/strong>Deze wordt bewaakt bij communicerende accu&#8217;s en de omvormer regelt de maximale ontlaadstroom. Deze optie is niet beschikbaar voor niet-communicerende accu&#8217;s.<\/li>\n\n\n\n<li><strong>Gedeelde spanningsdetectie.\u00a0<\/strong>Hiermee kunt u kiezen uit de verschillende apparaten en het apparaat selecteren dat u als spanningsbron voor DVCC wilt gebruiken.\u00a0<\/li>\n\n\n\n<li><strong>Gedeelde temperatuursensor\u00a0<\/strong>. Op dezelfde manier worden de opties voor de temperatuursensor weergegeven, zodat u de gewenste sensor kunt kiezen.\u00a0<\/li>\n\n\n\n<li><strong>Gedeelde stroomdetectie\u00a0<\/strong>. Als u geen communicerende accu&#8217;s had, zou dit uw shunt zijn. Als u Pylontech-accu&#8217;s hebt, wordt dit allemaal voor u gedaan via de &#8220;geforceerde inschakeling&#8221;-functie die zij bij Victron hebben.\u00a0<\/li>\n<\/ol>\n\n\n\n<p>Wat doet DVCC met deze informatie? Het deelt deze met alle andere ingeschakelde apparaten in het systeem, zodat ze allemaal tegelijkertijd met dezelfde informatie werken.&nbsp;<\/p>\n\n\n\n<p>Het&nbsp;<strong>besturingsaspect<\/strong>&nbsp;&nbsp;van DVC&nbsp;<strong>C<\/strong>&nbsp;is belangrijk om te begrijpen. Waar halen we onze input vandaan voor het nemen van beslissingen? Het is bijvoorbeeld belangrijk dat alle apparaten dezelfde spanning en temperatuur gebruiken. Als u een Victron&nbsp;<a href=\"https:\/\/icmontana.com\/products\/smartshunt\" target=\"_blank\" rel=\"noreferrer noopener\">SmartShunt<\/a>&nbsp;hebt, kunt u die het&nbsp;beste als spanningsbron gebruiken. Als uw omvormer een temperatuursensor heeft, gebruik die dan voor de batterijtemperatuur en niet de interne omgevingstemperatuur van de zonne-lader.&nbsp;<strong>&nbsp;<\/strong><a href=\"https:\/\/icmontana.com\/products\/smartshunt\" target=\"_blank\" rel=\"noreferrer noopener\"><\/a><\/p>\n\n\n\n<p>Het komt vaak voor dat er een spanningsverschil van een tiende volt optreedt tussen de accu, de zekering en de zonne-laadregelaar. Deze spanningsval geeft de zonne-laadregelaar het signaal dat de accuspanning te laag is, waardoor deze met een hogere spanning gaat laden. Wanneer de andere apparaten deze hogere spanning detecteren, schakelen ze voortijdig in. Door een nauwkeurige, uniforme accuspanning kunnen alle apparaten optimaal samenwerken.&nbsp;<\/p>\n\n\n\n<p>Omdat we er zeker van zijn dat we weten waar de stuursignalen vandaan komen, kunnen we wereldwijde maximale spanningen en maximale (gecombineerde) stromen voor de batterijen instellen.&nbsp;<\/p>\n\n\n\n<h3 class=\"wp-block-heading\">Is de batterijkeuze van belang?<\/h3>\n\n\n\n<p>De belangrijkste taak van de omvormer is het onttrekken van stroom aan de accu&#8217;s. Daarom is het cruciaal om te weten wat de maximale ontlaadstroom is en wat de laadstatus is tijdens de ontlaadcyclus. Deze informatie moet door de accu&#8217;s zelf worden aangeleverd om nauwkeurigheid te garanderen zonder constante herkalibratie.<\/p>\n\n\n\n<p>In eerdere artikelen hebben we veelgebruikte termen rondom&nbsp;<a href=\"https:\/\/icmontana.com\/blogs\/technical-articles\/battery-communication-closed-loop-vs-open-loop-communications\" target=\"_blank\" rel=\"noreferrer noopener\">de communicatie tussen batterij en omvormer<\/a>&nbsp;toegelicht en uitgelegd waarom communicatie in een gesloten circuit noodzakelijk is voor het beheer van moderne lithiumbatterijsystemen. In een gesloten circuit stuurt de batterij via een communicatiekabel continu realtime gegevens over de laadstatus, spanning en temperatuur naar de omvormer. Er is geen sprake van giswerk; er is geen tussenpersoon in de vorm van een batterijshunt. Nauwkeurige gegevens worden rechtstreeks vanuit de bron (het batterijmanagementsysteem) gedeeld, waarna de rest van het systeem hierop kan reageren door de laadstroom te verlagen of te verhogen.&nbsp;<\/p>\n\n\n\n<figure class=\"wp-block-image size-full\"><img loading=\"lazy\" decoding=\"async\" width=\"627\" height=\"417\" src=\"https:\/\/www.thuis-batterij.collem.nl\/wp-content\/uploads\/2026\/02\/image-15.png\" alt=\"\" class=\"wp-image-2434\" srcset=\"https:\/\/www.thuis-batterij.collem.nl\/wp-content\/uploads\/2026\/02\/image-15.png 627w, https:\/\/www.thuis-batterij.collem.nl\/wp-content\/uploads\/2026\/02\/image-15-300x200.png 300w\" sizes=\"auto, (max-width: 627px) 100vw, 627px\" \/><\/figure>\n\n\n\n<p><em>48V 5000 Volt Amp\u00e8re split-phase Victron Power System met twee&nbsp;<a href=\"https:\/\/icmontana.com\/products\/smartsolar-mppt-150-70-up-to-250-100-ve-can?variant=42833063215334\" target=\"_blank\" rel=\"noreferrer noopener\">250\/100 SmartSolar MPPT<\/a>&nbsp;zonne-laadregelaars en 4 Pylontech&nbsp;<a href=\"https:\/\/icmontana.com\/products\/pylontech-us5000\" target=\"_blank\" rel=\"noreferrer noopener\">US5000<\/a>&nbsp;&nbsp;LiFePO4-batterijen en&nbsp;&nbsp;4000-5000W aan zonnepanelen.<\/em><\/p>\n\n\n\n<p>DVCC is een van de redenen waarom&nbsp;<a href=\"https:\/\/icmontana.com\/collections\/pylontech-batteries\" target=\"_blank\" rel=\"noreferrer noopener\">Pylontech-accu&#8217;s<\/a>&nbsp;zo effectief zijn in combinatie met Victron-systemen. Zodra de communicatiekabel is aangesloten, herkennen Victron-omvormers\/laders Pylontech direct als de aangesloten accu, schakelen DVCC in en passen alle maximale stroom- en laadspanningslimieten voor alle aangesloten apparaten aan. Deze aanpassingen zijn dynamisch en zorgen voor een perfecte laadprestatie, elke keer weer.&nbsp;<\/p>\n\n\n\n<p>Hier een filmpje over DVCC en Pylontech accu&#8217;s, klik <a href=\"https:\/\/www.youtube.com\/watch?v=TjMIbb7-u6Y\" rel=\"nofollow\">Hier<\/a>.<\/p>\n\n\n\n<p>Deze fantastische, handsfree communicatie tussen accu en omvormer is natuurlijk geen toeval en is niet te vinden bij budgetmerken lithiumaccu&#8217;s. Het is het resultaat van jarenlange intensieve samenwerking tussen beide bedrijven om een \u200b\u200bintegratie tussen hun producten te ontwikkelen. Weinig accufabrikanten hebben dit niveau van integratie met Victron Energy bereikt \u2013 het kost veel tijd, is duur en vereist een intelligent batterijbeheersysteem (BMS) dat dit aankan. (Lees voor meer informatie hierover:&nbsp;<a href=\"https:\/\/icmontana.com\/blogs\/technical-articles\/bad-better-best-battery-inverter-communications-compatibility\" target=\"_blank\" rel=\"noreferrer noopener\"><em>Slecht, Beter, Best: Communicatie en compatibiliteit tussen accu en omvormer<\/em><\/a>&nbsp;)&nbsp;.<\/p>\n\n\n\n<p>Als uw accu&#8217;s niet volledig met elkaar communiceren, worden de verschillende laadparameters van de aangesloten apparaten niet overgenomen. U moet deze parameters dan handmatig instellen op basis van de specificaties van de accufabrikant. Let hierbij altijd op de &#8216;Aanbevolen&#8217; waarden in plaats van de &#8216;Maximale&#8217; waarden, aangezien de specificaties vaak door marketingteams worden opgesteld. We adviseren u om elk onderdeel eerst in te stellen alsof het onafhankelijk werkt en ze vervolgens aan het netwerk toe te voegen. Op die manier kan het systeem blijven functioneren, zelfs als de netwerkverbinding wegvalt doordat een muis een kabel heeft doorgebeten of een gast de Cerbo heeft losgekoppeld, zonder het risico dat uw accu&#8217;s onjuist worden opgeladen.&nbsp;<\/p>\n\n\n\n<h3 class=\"wp-block-heading\">Voordelen van het gebruik van DVCC<\/h3>\n\n\n\n<h4 class=\"wp-block-heading\">1. Grotere systeembetrouwbaarheid en prestaties op lange termijn<\/h4>\n\n\n\n<p>Het belangrijkste voordeel van de DVCC-functie van Victron is dat alle apparaten in een systeem naadloos samenwerken. Als de zon bijvoorbeeld schijnt en uw generator start, bestaat het risico dat uw accubank overbelast raakt. Wij zorgen er altijd voor dat onze accubank niet overbelast raakt (door te ver te ontladen of te veel op te laden), wat direct van invloed is op de conditie en levensduur van de accu. Als u al een Victron-systeem hebt of systemen ontwerpt rondom Victron-apparatuur, raden we u ten zeerste aan een accu te gebruiken die optimaal gebruikmaakt van deze DVCC-functie. Een veelgestelde vraag is: &#8220;Werkt het met DVCC?&#8221;, omdat het de basis vormt voor veel geavanceerde accufunctionaliteiten die we tegenwoordig verwachten.&nbsp;<\/p>\n\n\n\n<h4 class=\"wp-block-heading\">2. Ongelooflijke flexibiliteit in systeemontwerp<\/h4>\n\n\n\n<p>Om de eerder beschreven uitdaging van het beheren van meerdere laadbronnen te overwinnen, voegen sommige fabrikanten nu andere systeemcomponenten, zoals zonnelaadregelaars, toe aan het omvormerpakket om een \u200b\u200b&#8217;alles-in-\u00e9\u00e9n&#8217;-oplossing te bieden. Waarom doen ze dit? In sommige gevallen kan het een manier zijn om het systeem automatisch te beheren. Door de zonnelaadregelaar in het omvormerpakket op te nemen, kan deze werken op basis van de informatie die de omvormer ontvangt via gesloten-luscommunicatie. Niet alle &#8216;alles-in-\u00e9\u00e9n&#8217;-oplossingen bieden echter hetzelfde functionaliteitsniveau. Controleer daarom zorgvuldig elke optie die u overweegt om er zeker van te zijn dat uw zonnepanelen niet worden uitgeschakeld telkens wanneer u uw generator gebruikt, zoals vaak gebeurt bij systemen met communicatie die niet zo geavanceerd is als die van Victron.&nbsp;<\/p>\n\n\n\n<p>Alles-in-\u00e9\u00e9n-systemen werken prima zolang ze perfect aansluiten op de behoeften van uw toepassing. Zodra u echter &#8220;buiten de gebaande paden&#8221; moet treden (letterlijk buiten de alles-in-\u00e9\u00e9n-doos), stuit u op het probleem hoe u een nieuwe laadbron (of zelfs een nieuwe belasting) kunt integreren in uw bestaande systeem.&nbsp;<\/p>\n\n\n\n<p>Dit is waar de DVCC-functie van Victron \u2013 en het modulaire productontwerp \u2013 echt tot zijn recht komt. Als u een Victron-systeem hebt, kunt u componenten toevoegen en deze synchroniseren met DVCC. Als uw belasting te hoog is voor een 10 kW omvormer\/lader, kunt u twee 8 kW laders gebruiken. Als u meer vermogen nodig hebt dan een grote laadregelaar kan leveren, kunt u twee middelgrote MPPT-laadregelaars gebruiken. Als u zich ooit een beetje overweldigd voelt door het uitgebreide productassortiment van Victron (meer dan 60 verschillende formaten SmartSolar MPPT&#8217;s), komt dat omdat Victron bewust producten heeft ontworpen die perfect aansluiten op een breed scala aan toepassingen \u2013 en toch een enorme flexibiliteit bieden dankzij DVCC. Dit is wat gebruikers van Victron-apparatuur in staat stelt om verschillende producten in een bijna oneindig aantal combinaties te koppelen en zo een systeem te cre\u00ebren met&nbsp;<strong>precies de&nbsp;<\/strong>gewenste prestatiespecificaties. &nbsp;<\/p>\n\n\n\n<h4 class=\"wp-block-heading\">3. Productintegraties die waarde toevoegen zonder de complexiteit te vergroten.&nbsp;<\/h4>\n\n\n\n<p>Wat ons hier bij Intelligent Controls het meest enthousiast maakt, zijn apparaten die binnen deze DVCC-functionaliteit werken om nog meer betrouwbaarheid, effici\u00ebntie of extra besturingsmogelijkheden binnen een Victron-stroomvoorzieningssysteem te ontsluiten. Dit omvat de Hatz fiPMG-generator, de Zeus hoogenergetische externe dynamo-regelaar, Pylontech-accu&#8217;s, de nieuwe Orion DC-naar-DC-laders en nog veel meer producten die eraan komen.<\/p>\n\n\n\n<p>In een op een aanhanger gemonteerd stroomvoorzieningssysteem met een&nbsp;<a href=\"https:\/\/icmontana.com\/products\/hatz-fipmg-generator\" target=\"_blank\" rel=\"noreferrer noopener\">Hatz CAN-bus-gestuurde generator<\/a>&nbsp;kunnen we gebruikmaken van de DVCC-functie van Victron om de generator in of uit te schakelen op basis van de laadstatus van een lithiumbatterijpakket.&nbsp;<\/p>\n\n\n\n<p>In een op het elektriciteitsnet aangesloten hybride generatorsysteem kunnen we nog steeds gebruikmaken van onzuivere of onregelmatige netstroom om een \u200b\u200bPylontech-accubank op te laden wanneer deze beschikbaar is, terwijl we tegelijkertijd zonne-energie van een zonnepaneleninstallatie kunnen ontvangen zonder het risico te lopen de accubank te overladen.&nbsp;<\/p>\n\n\n\n<p>We kunnen de DVCC-besturingsgegevens in&nbsp;<a href=\"https:\/\/nodered.org\/\" target=\"_blank\" rel=\"noreferrer noopener\">Node-RED<\/a>&nbsp;ophalen en gebruiken om netgekoppelde omvormers te moduleren, wat ons fantastische mogelijkheden biedt voor aansturing en controle van AC-gekoppelde systemen.&nbsp;<\/p>\n\n\n\n<p>In een camper met een externe dynamo kunnen we een&nbsp;<a href=\"https:\/\/icmontana.com\/products\/zeus-high-energy-alternator-regulator\" target=\"_blank\" rel=\"noreferrer noopener\">Zeus externe dynamo-regelaar<\/a>&nbsp;gebruiken om een \u200b\u200blithiumbatterijbank veilig op te laden tijdens het rijden, waardoor het gebruik van een ingebouwde generator tot een minimum wordt beperkt.&nbsp;<\/p>\n\n\n\n<p>DVCC maakt deze complexe co\u00f6rdinatie-inspanningen mogelijk door kerncomponenten \u2013 geproduceerd door Victron of producten die door Victron worden ondersteund en ge\u00efntegreerd \u2013 te laten samenwerken met dezelfde informatie om de batterijen op te laden en te ontladen.&nbsp;<\/p>\n","protected":false},"excerpt":{"rendered":"<p>De DVCC-functie van Victron uitgelegd Een van de belangrijkste en unieke voordelen van Victron Energy-apparatuur is de mogelijkheid om de ingebouwde DVCC-functie te gebruiken. DVCC is eenvoudig, krachtig en op het eerste gezicht verwarrend. In dit artikel bespreken we wat het is en hoe het werkt om de systeemcontrole over meerdere laadbronnen te co\u00f6rdineren en [&hellip;]<\/p>\n","protected":false},"author":1,"featured_media":0,"parent":0,"menu_order":0,"comment_status":"closed","ping_status":"closed","template":"","meta":{"footnotes":""},"class_list":["post-2430","page","type-page","status-publish","hentry"],"_links":{"self":[{"href":"https:\/\/www.thuis-batterij.collem.nl\/index.php\/wp-json\/wp\/v2\/pages\/2430","targetHints":{"allow":["GET"]}}],"collection":[{"href":"https:\/\/www.thuis-batterij.collem.nl\/index.php\/wp-json\/wp\/v2\/pages"}],"about":[{"href":"https:\/\/www.thuis-batterij.collem.nl\/index.php\/wp-json\/wp\/v2\/types\/page"}],"author":[{"embeddable":true,"href":"https:\/\/www.thuis-batterij.collem.nl\/index.php\/wp-json\/wp\/v2\/users\/1"}],"replies":[{"embeddable":true,"href":"https:\/\/www.thuis-batterij.collem.nl\/index.php\/wp-json\/wp\/v2\/comments?post=2430"}],"version-history":[{"count":7,"href":"https:\/\/www.thuis-batterij.collem.nl\/index.php\/wp-json\/wp\/v2\/pages\/2430\/revisions"}],"predecessor-version":[{"id":2439,"href":"https:\/\/www.thuis-batterij.collem.nl\/index.php\/wp-json\/wp\/v2\/pages\/2430\/revisions\/2439"}],"wp:attachment":[{"href":"https:\/\/www.thuis-batterij.collem.nl\/index.php\/wp-json\/wp\/v2\/media?parent=2430"}],"curies":[{"name":"wp","href":"https:\/\/api.w.org\/{rel}","templated":true}]}}